{"id":60,"date":"2020-09-10T15:01:07","date_gmt":"2020-09-10T06:01:07","guid":{"rendered":"https:\/\/kanazawa-zonta.org\/?page_id=60"},"modified":"2020-09-18T23:07:54","modified_gmt":"2020-09-18T14:07:54","slug":"%e3%81%8a%e5%95%8f%e3%81%84%e5%90%88%e3%82%8f%e3%81%9b","status":"publish","type":"page","link":"https:\/\/kanazawa-zonta.org\/?page_id=60","title":{"rendered":"\u304a\u554f\u3044\u5408\u308f\u305b"},"content":{"rendered":"<div role=\"form\" class=\"wpcf7\" id=\"wpcf7-f435-o1\" lang=\"ja\" dir=\"ltr\">\n<div class=\"screen-reader-response\"><p role=\"status\" aria-live=\"polite\" aria-atomic=\"true\"><\/p> <ul><\/ul><\/div>\n<form action=\"\/index.php?rest_route=%2Fwp%2Fv2%2Fpages%2F60#wpcf7-f435-o1\" method=\"post\" class=\"wpcf7-form init\" novalidate=\"novalidate\" data-status=\"init\">\n<div style=\"display: none;\">\n<input type=\"hidden\" name=\"_wpcf7\" value=\"435\" \/>\n<input type=\"hidden\" name=\"_wpcf7_version\" value=\"5.3\" \/>\n<input type=\"hidden\" name=\"_wpcf7_locale\" value=\"ja\" \/>\n<input type=\"hidden\" name=\"_wpcf7_unit_tag\" value=\"wpcf7-f435-o1\" \/>\n<input type=\"hidden\" name=\"_wpcf7_container_post\" value=\"0\" \/>\n<input type=\"hidden\" name=\"_wpcf7_posted_data_hash\" value=\"\" \/>\n<\/div>\n<p><label> \u304a\u540d\u524d (\u5fc5\u9808)<br \/>\n    <span class=\"wpcf7-form-control-wrap your-name\"><input type=\"text\" name=\"your-name\" value=\"\" size=\"40\" class=\"wpcf7-form-control wpcf7-text wpcf7-validates-as-required\" aria-required=\"true\" aria-invalid=\"false\" placeholder=\"\u4f8b\uff1a\u91d1\u6fa4\u3000\u83ef\u5b50\" \/><\/span> <\/label><\/p>\n<p><label> \u30d5\u30ea\u30ac\u30ca (\u5fc5\u9808)<br \/>\n    <span class=\"wpcf7-form-control-wrap your-name-furigana\"><input type=\"text\" name=\"your-name-furigana\" value=\"\" size=\"40\" class=\"wpcf7-form-control wpcf7-text wpcf7-validates-as-required\" aria-required=\"true\" aria-invalid=\"false\" placeholder=\"\u4f8b\uff1a\u30ab\u30ca\u30b6\u30ef\u3000\u30cf\u30ca\u30b3\" \/><\/span><\/label><\/p>\n<p><label> \u90f5\u4fbf\u756a\u53f7 (\u5fc5\u9808)<br \/>\n    <span class=\"wpcf7-form-control-wrap zip\"><input type=\"text\" name=\"zip\" value=\"\" size=\"40\" class=\"wpcf7-form-control wpcf7-text wpcf7-validates-as-required\" id=\"zip\" aria-required=\"true\" aria-invalid=\"false\" placeholder=\"\u4f8b\uff1a920-1234\" \/><\/span> <\/label><\/p>\n<p><label> \u90fd\u9053\u5e9c\u770c (\u5fc5\u9808)<br \/>\n    <span class=\"wpcf7-form-control-wrap pref\"><input type=\"text\" name=\"pref\" value=\"\" size=\"40\" class=\"wpcf7-form-control wpcf7-text wpcf7-validates-as-required\" id=\"pref\" aria-required=\"true\" aria-invalid=\"false\" placeholder=\"\u4f8b\uff1a\u77f3\u5ddd\u770c\" \/><\/span> <\/label><\/p>\n<p><label> \u5e02\u533a\u753a\u6751\u540d (\u5fc5\u9808)<br \/>\n    <span class=\"wpcf7-form-control-wrap addr1\"><input type=\"text\" name=\"addr1\" value=\"\" size=\"40\" class=\"wpcf7-form-control wpcf7-text wpcf7-validates-as-required\" id=\"addr1\" aria-required=\"true\" aria-invalid=\"false\" placeholder=\"\u4f8b\uff1a\u77f3\u5ddd\u770c\u91d1\u6ca2\u5e02\" \/><\/span> <\/label><\/p>\n<p><label> \u756a\u5730\u30fb\u30d3\u30eb\u540d (\u5fc5\u9808)<br \/>\n    <span class=\"wpcf7-form-control-wrap addr2\"><input type=\"text\" name=\"addr2\" value=\"\" size=\"40\" class=\"wpcf7-form-control wpcf7-text wpcf7-validates-as-required\" id=\"addr2\" aria-required=\"true\" aria-invalid=\"false\" placeholder=\"\u4f8b\uff1a\u978d\u6708\uff11\u4e01\u76ee\uff11\" \/><\/span> <\/label><\/p>\n<p><label> \u96fb\u8a71\u756a\u53f7 (\u5fc5\u9808)<br \/>\n    <span class=\"wpcf7-form-control-wrap tel-tel1\"><input type=\"text\" name=\"tel-tel1\" value=\"\" size=\"40\" class=\"wpcf7-form-control wpcf7-text wpcf7-validates-as-required\" id=\"tel\" aria-required=\"true\" aria-invalid=\"false\" placeholder=\"\u4f8b\uff1a076-000-0000\" \/><\/span><\/label><\/p>\n<p><label> \u30e1\u30fc\u30eb\u30a2\u30c9\u30ec\u30b9\uff3b\u30d1\u30bd\u30b3\u30f3\u306e\u307f\uff3d<br \/>\n    <span class=\"wpcf7-form-control-wrap your-email\"><input type=\"email\" name=\"your-email\" value=\"\" size=\"40\" class=\"wpcf7-form-control wpcf7-text wpcf7-email wpcf7-validates-as-required wpcf7-validates-as-email\" aria-required=\"true\" aria-invalid=\"false\" placeholder=\"\u4f8b\uff1a\u00d7\u00d7\u00d7@\u00d7\u00d7\u00d7.com\" \/><\/span> <\/label><\/p>\n<p><label> \u304a\u554f\u3044\u5408\u308f\u305b\u5185\u5bb9 (\u5fc5\u9808)<br \/>\n    <span class=\"wpcf7-form-control-wrap your-message\"><textarea name=\"your-message\" cols=\"40\" rows=\"10\" class=\"wpcf7-form-control wpcf7-textarea wpcf7-validates-as-required\" aria-required=\"true\" aria-invalid=\"false\"><\/textarea><\/span> <\/label><\/p>\n<p><span class=\"wpcf7-form-control-wrap acceptance-594\"><span class=\"wpcf7-form-control wpcf7-acceptance\"><span class=\"wpcf7-list-item\"><label><input type=\"checkbox\" name=\"acceptance-594\" value=\"1\" aria-invalid=\"false\" \/><span class=\"wpcf7-list-item-label\">\u304a\u554f\u3044\u5408\u308f\u305b\u5185\u5bb9\u306f\u3053\u3061\u3089\u3067\u3088\u308d\u3057\u3044\u3067\u3059\u304b\uff1f<\/span><\/label><\/span><\/span><\/span><\/p>\n<p><input type=\"submit\" value=\"\u9001\u4fe1\" class=\"wpcf7-form-control wpcf7-submit\" \/><\/p>\n<p style=\"display: none !important;\"><label>&#916;<textarea name=\"_wpcf7_ak_hp_textarea\" cols=\"45\" rows=\"8\" maxlength=\"100\"><\/textarea><\/label><input type=\"hidden\" id=\"ak_js_1\" name=\"_wpcf7_ak_js\" value=\"235\"\/><script>document.getElementById( \"ak_js_1\" ).setAttribute( \"value\", ( new Date() ).getTime() );<\/script><\/p><div class=\"inv-recaptcha-holder\"><\/div><div class=\"wpcf7-response-output\" aria-hidden=\"true\"><\/div><\/form><\/div>\n\n\n\n<p><\/p>\n","protected":false},"excerpt":{"rendered":"","protected":false},"author":1,"featured_media":0,"parent":0,"menu_order":0,"comment_status":"closed","ping_status":"closed","template":"","meta":{"footnotes":""},"_links":{"self":[{"href":"https:\/\/kanazawa-zonta.org\/index.php?rest_route=\/wp\/v2\/pages\/60"}],"collection":[{"href":"https:\/\/kanazawa-zonta.org\/index.php?rest_route=\/wp\/v2\/pages"}],"about":[{"href":"https:\/\/kanazawa-zonta.org\/index.php?rest_route=\/wp\/v2\/types\/page"}],"author":[{"embeddable":true,"href":"https:\/\/kanazawa-zonta.org\/index.php?rest_route=\/wp\/v2\/users\/1"}],"replies":[{"embeddable":true,"href":"https:\/\/kanazawa-zonta.org\/index.php?rest_route=%2Fwp%2Fv2%2Fcomments&post=60"}],"version-history":[{"count":6,"href":"https:\/\/kanazawa-zonta.org\/index.php?rest_route=\/wp\/v2\/pages\/60\/revisions"}],"predecessor-version":[{"id":515,"href":"https:\/\/kanazawa-zonta.org\/index.php?rest_route=\/wp\/v2\/pages\/60\/revisions\/515"}],"wp:attachment":[{"href":"https:\/\/kanazawa-zonta.org\/index.php?rest_route=%2Fwp%2Fv2%2Fmedia&parent=60"}],"curies":[{"name":"wp","href":"https:\/\/api.w.org\/{rel}","templated":true}]}}